{"id":375,"date":"2023-10-08T20:31:09","date_gmt":"2023-10-08T18:31:09","guid":{"rendered":"https:\/\/aviationhandling.net\/?page_id=375"},"modified":"2023-10-09T00:27:33","modified_gmt":"2023-10-08T22:27:33","slug":"politica-de-calidad","status":"publish","type":"page","link":"https:\/\/aviationhandling.net\/es\/politica-de-calidad\/","title":{"rendered":"Pol\u00edtica de Calidad"},"content":{"rendered":"<p>AVIATION HANDLING SUPPLY (AHS) que centra sus actividades en la prestaci\u00f3n de\nservicios de asistencia \u201cHandling\u201d para aviaci\u00f3n general tiene entre sus metas la\nmejora continua, en la satisfacci\u00f3n del cliente, contribuyendo al desarrollo econ\u00f3mico\nsostenible.<\/p>\n\n\n\n<p>Ayud\u00e1ndonos mutuamente a conseguirlo en la implantaci\u00f3n de un Sistema de Gesti\u00f3n de la Calidad, desarrollado de acuerdo con la norma internacional ISO 9001 y la legislaci\u00f3n vigente. Esta Pol\u00edtica de Gesti\u00f3n basa sus actuaciones en:<\/p>\n\n\n\n<ul class=\"wp-block-list\">\n<li>Dedicaci\u00f3n exclusiva a satisfacer las necesidades de los clientes dando servicio de handling en base a los requisitos establecidos por la legislaci\u00f3n vigente y los acuerdos de calidad establecidos por el cliente.<\/li>\n\n\n\n<li>Servicio basado en la flexibilidad como principal arma de trabajo y diferenciaci\u00f3n de nuestros competidores.<\/li>\n\n\n\n<li>Ser \u00e1giles, eficientes, fiables, con capacidad de respuesta y dando un servicio integral.<br><\/li>\n<\/ul>\n\n\n\n<p>Para asegurar esta aplicaci\u00f3n efectiva de la Pol\u00edtica integrada de calidad, AHS establece anualmente objetivos y metas de calidad que son objeto de un seguimiento continuo.<\/p>\n\n\n\n<p><\/p>\n\n\n\n<blockquote class=\"wp-block-quote is-layout-flow wp-block-quote-is-layout-flow\">\n<p>AVHS<\/p>\n\n\n\n<p>06\/07\/2016<\/p>\n<\/blockquote>\n\n\n\n<figure class=\"wp-block-image aligncenter size-full\"><img loading=\"lazy\" decoding=\"async\" width=\"201\" height=\"350\" src=\"https:\/\/aviationhandling.net\/wp-content\/uploads\/2023\/10\/iso9001-2.png\" alt=\"\" class=\"wp-image-388\" srcset=\"https:\/\/aviationhandling.net\/wp-content\/uploads\/2023\/10\/iso9001-2.png 201w, https:\/\/aviationhandling.net\/wp-content\/uploads\/2023\/10\/iso9001-2-172x300.png 172w, https:\/\/aviationhandling.net\/wp-content\/uploads\/2023\/10\/iso9001-2-7x12.png 7w\" sizes=\"(max-width: 201px) 100vw, 201px\" \/><\/figure>\n\n\n\n<p><\/p>\n\n\n\n<p><\/p>\n\n\n\n<h2 class=\"wp-block-heading\">Pol\u00edtica de Calidad<\/h2>\n\n\n\n<div class=\"wp-block-buttons is-layout-flex wp-block-buttons-is-layout-flex\">\n<div class=\"wp-block-button has-custom-width wp-block-button__width-25\"><a class=\"wp-block-button__link wp-element-button\" href=\"https:\/\/aviationhandling.net\/wp-content\/uploads\/2023\/10\/Politica-de-calidad-avhs-1.pdf\">Descargar<\/a><\/div>\n<\/div>\n\n\n\n<hr class=\"wp-block-separator has-text-color has-cyan-bluish-gray-color has-alpha-channel-opacity has-cyan-bluish-gray-background-color has-background is-style-wide\"\/>\n\n\n\n<h2 class=\"wp-block-heading\">Descargar Certificado de Calidad<\/h2>\n\n\n\n<div class=\"wp-block-buttons is-layout-flex wp-block-buttons-is-layout-flex\">\n<div class=\"wp-block-button has-custom-width wp-block-button__width-25\"><a class=\"wp-block-button__link wp-element-button\" href=\"https:\/\/aviationhandling.net\/wp-content\/uploads\/2023\/10\/EC-10778_21-INI-2021-ENG_signed.pdf\">ingl\u00e9s<\/a><\/div>\n\n\n\n<div class=\"wp-block-button has-custom-width wp-block-button__width-25\"><a class=\"wp-block-button__link wp-element-button\" href=\"https:\/\/aviationhandling.net\/wp-content\/uploads\/2023\/10\/EC-10778_21-INI-2021_signed-2.pdf\">Espa\u00f1ol<\/a><\/div>\n<\/div>","protected":false},"excerpt":{"rendered":"<p>AVIATION HANDLING SUPPLY (AHS) which focuses its activities on the provision of \u201cHandling\u201d assistance services for general aviation have among their goals the continuous improvement in customer satisfaction, contributing to economic development sustainable. Helping each other to achieve this in the implementation of a Management System Quality, developed in accordance with the international standard ISO [&hellip;]<\/p>","protected":false},"author":2,"featured_media":0,"parent":0,"menu_order":0,"comment_status":"closed","ping_status":"closed","template":"","meta":{"_et_pb_use_builder":"","_et_pb_old_content":"","_et_gb_content_width":"","_joinchat":[],"footnotes":""},"class_list":["post-375","page","type-page","status-publish","hentry"],"yoast_head":"<!-- This site is optimized with the Yoast SEO plugin v26.9 - https:\/\/yoast.com\/product\/yoast-seo-wordpress\/ -->\n<title>Pol\u00edtica de Calidad - Aviation Handling Supply<\/title>\n<meta name=\"robots\" content=\"index, follow, max-snippet:-1, max-image-preview:large, max-video-preview:-1\" \/>\n<link rel=\"canonical\" href=\"https:\/\/aviationhandling.net\/es\/politica-de-calidad\/\" \/>\n<meta property=\"og:locale\" content=\"es_ES\" \/>\n<meta property=\"og:type\" content=\"article\" \/>\n<meta property=\"og:title\" content=\"Pol\u00edtica de Calidad - Aviation Handling Supply\" \/>\n<meta property=\"og:description\" content=\"AVIATION HANDLING SUPPLY (AHS) which focuses its activities on the provision of \u201cHandling\u201d assistance services for general aviation have among their goals the continuous improvement in customer satisfaction, contributing to economic development sustainable. Helping each other to achieve this in the implementation of a Management System Quality, developed in accordance with the international standard ISO [&hellip;]\" \/>\n<meta property=\"og:url\" content=\"https:\/\/aviationhandling.net\/es\/politica-de-calidad\/\" \/>\n<meta property=\"og:site_name\" content=\"Aviation Handling Supply\" \/>\n<meta property=\"article:modified_time\" content=\"2023-10-08T22:27:33+00:00\" \/>\n<meta property=\"og:image\" content=\"https:\/\/aviationhandling.net\/wp-content\/uploads\/2023\/10\/iso9001-2.png\" \/>\n<meta name=\"twitter:card\" content=\"summary_large_image\" \/>\n<meta name=\"twitter:label1\" content=\"Tiempo de lectura\" \/>\n\t<meta name=\"twitter:data1\" content=\"1 minuto\" \/>\n<script type=\"application\/ld+json\" class=\"yoast-schema-graph\">{\"@context\":\"https:\/\/schema.org\",\"@graph\":[{\"@type\":\"WebPage\",\"@id\":\"https:\/\/aviationhandling.net\/politica-de-calidad\/\",\"url\":\"https:\/\/aviationhandling.net\/politica-de-calidad\/\",\"name\":\"Pol\u00edtica de Calidad - Aviation Handling Supply\",\"isPartOf\":{\"@id\":\"https:\/\/aviationhandling.net\/#website\"},\"primaryImageOfPage\":{\"@id\":\"https:\/\/aviationhandling.net\/politica-de-calidad\/#primaryimage\"},\"image\":{\"@id\":\"https:\/\/aviationhandling.net\/politica-de-calidad\/#primaryimage\"},\"thumbnailUrl\":\"https:\/\/aviationhandling.net\/wp-content\/uploads\/2023\/10\/iso9001-2.png\",\"datePublished\":\"2023-10-08T18:31:09+00:00\",\"dateModified\":\"2023-10-08T22:27:33+00:00\",\"breadcrumb\":{\"@id\":\"https:\/\/aviationhandling.net\/politica-de-calidad\/#breadcrumb\"},\"inLanguage\":\"es\",\"potentialAction\":[{\"@type\":\"ReadAction\",\"target\":[\"https:\/\/aviationhandling.net\/politica-de-calidad\/\"]}]},{\"@type\":\"ImageObject\",\"inLanguage\":\"es\",\"@id\":\"https:\/\/aviationhandling.net\/politica-de-calidad\/#primaryimage\",\"url\":\"https:\/\/aviationhandling.net\/wp-content\/uploads\/2023\/10\/iso9001-2.png\",\"contentUrl\":\"https:\/\/aviationhandling.net\/wp-content\/uploads\/2023\/10\/iso9001-2.png\"},{\"@type\":\"BreadcrumbList\",\"@id\":\"https:\/\/aviationhandling.net\/politica-de-calidad\/#breadcrumb\",\"itemListElement\":[{\"@type\":\"ListItem\",\"position\":1,\"name\":\"Portada\",\"item\":\"https:\/\/aviationhandling.net\/\"},{\"@type\":\"ListItem\",\"position\":2,\"name\":\"Pol\u00edtica de Calidad\"}]},{\"@type\":\"WebSite\",\"@id\":\"https:\/\/aviationhandling.net\/#website\",\"url\":\"https:\/\/aviationhandling.net\/\",\"name\":\"Aviation Handling Supply\",\"description\":\"Your handling company in the Northwest of Spain\",\"publisher\":{\"@id\":\"https:\/\/aviationhandling.net\/#organization\"},\"potentialAction\":[{\"@type\":\"SearchAction\",\"target\":{\"@type\":\"EntryPoint\",\"urlTemplate\":\"https:\/\/aviationhandling.net\/?s={search_term_string}\"},\"query-input\":{\"@type\":\"PropertyValueSpecification\",\"valueRequired\":true,\"valueName\":\"search_term_string\"}}],\"inLanguage\":\"es\"},{\"@type\":\"Organization\",\"@id\":\"https:\/\/aviationhandling.net\/#organization\",\"name\":\"Aviation Handling Supply\",\"url\":\"https:\/\/aviationhandling.net\/\",\"logo\":{\"@type\":\"ImageObject\",\"inLanguage\":\"es\",\"@id\":\"https:\/\/aviationhandling.net\/#\/schema\/logo\/image\/\",\"url\":\"https:\/\/aviationhandling.net\/wp-content\/uploads\/2023\/03\/AVHS_logo.jpg\",\"contentUrl\":\"https:\/\/aviationhandling.net\/wp-content\/uploads\/2023\/03\/AVHS_logo.jpg\",\"width\":599,\"height\":413,\"caption\":\"Aviation Handling Supply\"},\"image\":{\"@id\":\"https:\/\/aviationhandling.net\/#\/schema\/logo\/image\/\"}}]}<\/script>\n<!-- \/ Yoast SEO plugin. -->","yoast_head_json":{"title":"Pol\u00edtica de Calidad - Aviation Handling Supply","robots":{"index":"index","follow":"follow","max-snippet":"max-snippet:-1","max-image-preview":"max-image-preview:large","max-video-preview":"max-video-preview:-1"},"canonical":"https:\/\/aviationhandling.net\/es\/politica-de-calidad\/","og_locale":"es_ES","og_type":"article","og_title":"Pol\u00edtica de Calidad - Aviation Handling Supply","og_description":"AVIATION HANDLING SUPPLY (AHS) which focuses its activities on the provision of \u201cHandling\u201d assistance services for general aviation have among their goals the continuous improvement in customer satisfaction, contributing to economic development sustainable. Helping each other to achieve this in the implementation of a Management System Quality, developed in accordance with the international standard ISO [&hellip;]","og_url":"https:\/\/aviationhandling.net\/es\/politica-de-calidad\/","og_site_name":"Aviation Handling Supply","article_modified_time":"2023-10-08T22:27:33+00:00","og_image":[{"url":"https:\/\/aviationhandling.net\/wp-content\/uploads\/2023\/10\/iso9001-2.png","type":"","width":"","height":""}],"twitter_card":"summary_large_image","twitter_misc":{"Tiempo de lectura":"1 minuto"},"schema":{"@context":"https:\/\/schema.org","@graph":[{"@type":"WebPage","@id":"https:\/\/aviationhandling.net\/politica-de-calidad\/","url":"https:\/\/aviationhandling.net\/politica-de-calidad\/","name":"Pol\u00edtica de Calidad - Aviation Handling Supply","isPartOf":{"@id":"https:\/\/aviationhandling.net\/#website"},"primaryImageOfPage":{"@id":"https:\/\/aviationhandling.net\/politica-de-calidad\/#primaryimage"},"image":{"@id":"https:\/\/aviationhandling.net\/politica-de-calidad\/#primaryimage"},"thumbnailUrl":"https:\/\/aviationhandling.net\/wp-content\/uploads\/2023\/10\/iso9001-2.png","datePublished":"2023-10-08T18:31:09+00:00","dateModified":"2023-10-08T22:27:33+00:00","breadcrumb":{"@id":"https:\/\/aviationhandling.net\/politica-de-calidad\/#breadcrumb"},"inLanguage":"es","potentialAction":[{"@type":"ReadAction","target":["https:\/\/aviationhandling.net\/politica-de-calidad\/"]}]},{"@type":"ImageObject","inLanguage":"es","@id":"https:\/\/aviationhandling.net\/politica-de-calidad\/#primaryimage","url":"https:\/\/aviationhandling.net\/wp-content\/uploads\/2023\/10\/iso9001-2.png","contentUrl":"https:\/\/aviationhandling.net\/wp-content\/uploads\/2023\/10\/iso9001-2.png"},{"@type":"BreadcrumbList","@id":"https:\/\/aviationhandling.net\/politica-de-calidad\/#breadcrumb","itemListElement":[{"@type":"ListItem","position":1,"name":"Portada","item":"https:\/\/aviationhandling.net\/"},{"@type":"ListItem","position":2,"name":"Pol\u00edtica de Calidad"}]},{"@type":"WebSite","@id":"https:\/\/aviationhandling.net\/#website","url":"https:\/\/aviationhandling.net\/","name":"Aviation Handling Supply","description":"Your handling company in the Northwest of Spain","publisher":{"@id":"https:\/\/aviationhandling.net\/#organization"},"potentialAction":[{"@type":"SearchAction","target":{"@type":"EntryPoint","urlTemplate":"https:\/\/aviationhandling.net\/?s={search_term_string}"},"query-input":{"@type":"PropertyValueSpecification","valueRequired":true,"valueName":"search_term_string"}}],"inLanguage":"es"},{"@type":"Organization","@id":"https:\/\/aviationhandling.net\/#organization","name":"Aviation Handling Supply","url":"https:\/\/aviationhandling.net\/","logo":{"@type":"ImageObject","inLanguage":"es","@id":"https:\/\/aviationhandling.net\/#\/schema\/logo\/image\/","url":"https:\/\/aviationhandling.net\/wp-content\/uploads\/2023\/03\/AVHS_logo.jpg","contentUrl":"https:\/\/aviationhandling.net\/wp-content\/uploads\/2023\/03\/AVHS_logo.jpg","width":599,"height":413,"caption":"Aviation Handling Supply"},"image":{"@id":"https:\/\/aviationhandling.net\/#\/schema\/logo\/image\/"}}]}},"_links":{"self":[{"href":"https:\/\/aviationhandling.net\/es\/wp-json\/wp\/v2\/pages\/375","targetHints":{"allow":["GET"]}}],"collection":[{"href":"https:\/\/aviationhandling.net\/es\/wp-json\/wp\/v2\/pages"}],"about":[{"href":"https:\/\/aviationhandling.net\/es\/wp-json\/wp\/v2\/types\/page"}],"author":[{"embeddable":true,"href":"https:\/\/aviationhandling.net\/es\/wp-json\/wp\/v2\/users\/2"}],"replies":[{"embeddable":true,"href":"https:\/\/aviationhandling.net\/es\/wp-json\/wp\/v2\/comments?post=375"}],"version-history":[{"count":12,"href":"https:\/\/aviationhandling.net\/es\/wp-json\/wp\/v2\/pages\/375\/revisions"}],"predecessor-version":[{"id":407,"href":"https:\/\/aviationhandling.net\/es\/wp-json\/wp\/v2\/pages\/375\/revisions\/407"}],"wp:attachment":[{"href":"https:\/\/aviationhandling.net\/es\/wp-json\/wp\/v2\/media?parent=375"}],"curies":[{"name":"wp","href":"https:\/\/api.w.org\/{rel}","templated":true}]}}